{"id":109,"date":"2022-12-19T14:05:45","date_gmt":"2022-12-19T13:05:45","guid":{"rendered":"https:\/\/sandrarosalen.com\/?page_id=109"},"modified":"2023-01-25T12:55:22","modified_gmt":"2023-01-25T11:55:22","slug":"politica-de-cookies","status":"publish","type":"page","link":"https:\/\/sandrarosalen.com\/index.php\/politica-de-cookies\/","title":{"rendered":"Pol\u00edtica de cookies"},"content":{"rendered":"\n<p>POL\u00cdTICA DE COOKIES&nbsp;<\/p>\n\n\n\n<p>De conformidad con lo establecido en la Ley 34\/2002 de Servicios de la Sociedad de la Informaci\u00f3n, te informo que el sitio web <a href=\"http:\/\/www.sandrarosalen.com\/\">www.sandrarosalen.com<\/a>, utiliza cookies. Las cookies son peque\u00f1os archivos de texto del sitio web que t\u00fa, como usuario que lo visita, almacenas en tu ordenador o dispositivo.\u00a0<\/p>\n\n\n\n<p>En caso de no aceptar o desactivar las cookies, el sitio web puede no funcionar con normalidad y que no pueda hacer uso de todas las funcionalidades de la web.&nbsp;<\/p>\n\n\n\n<p>A continuaci\u00f3n procedo a detallarte los diferentes tipos de cookies que utiliza&nbsp;<\/p>\n\n\n\n<p><a href=\"http:\/\/www.sandrarosalen.com\">www.sandrarosalen.com<\/a>\u00a0<\/p>\n\n\n\n<p>(i) Cookies propias: son aqu\u00e9llas que se env\u00edan al equipo terminal del usuario desde un equipo o dominio gestionado por el propio editor y desde el que se presta el servicio solicitado por el usuario.&nbsp;<\/p>\n\n\n\n<ul class=\"wp-block-list\">\n<li>Cookies de sesi\u00f3n: Necesarias para el correcto uso de la p\u00e1gina web, la navegaci\u00f3n de forma ininterrumpida recordando opciones de idioma o pa\u00eds. Se utilizan para identificar la misma sesi\u00f3n temporal de un usuario o sesi\u00f3n de navegaci\u00f3n.&nbsp;<\/li>\n\n\n\n<li>Cookies T\u00e9cnicas: Almacenan informaci\u00f3n gen\u00e9rica y an\u00f3nima que no incluye datos de car\u00e1cter personal cuyo objetivo es garantizar el funcionamiento de la web.&nbsp;<\/li>\n\n\n\n<li>De registro: Se crean con el registro de un usuario (log-in). Se utilizan para identificar al usuario una vez se ha autenticado dentro de los Sitios Web.&nbsp;<\/li>\n<\/ul>\n\n\n\n<p>(ii) Cookies de terceros: <a href=\"http:\/\/www.sandrarosalen.com\/\">www.sandrarosalen.com<\/a> puede contener cookies de terceros orientadas a ofrecer un mejor servicio que estos terceros ofrecen. Un ejemplo de este uso son los enlaces a las redes sociales que permiten compartir el contenido del sitio web.\u00a0<\/p>\n\n\n\n<p>Cookies anal\u00edticas: son aquellas que, tratadas por <a href=\"http:\/\/www.sandrarosalen.com\/\">www.sandrarosalen.com<\/a> o por terceros, permiten cuantificar el n\u00famero de visitantes y analizar estad\u00edsticamente la utilizaci\u00f3n que hacen los usuarios del portal web. La informaci\u00f3n recogida mediante este tipo de cookies se utiliza en la medici\u00f3n de la actividad del Sitio Web y para la elaboraci\u00f3n de perfiles de navegaci\u00f3n anonimizados de los usuarios, con el fin de introducir mejoras en funci\u00f3n del an\u00e1lisis de los datos de uso que hacen los usuarios del servicio:\u00a0<\/p>\n\n\n\n<ul class=\"wp-block-list\">\n<li>Google Analitycs: <a href=\"https:\/\/www.google.com\/policies\/privacy\/\">https:\/\/www.google.com\/policies\/privacy\/<\/a>&nbsp;<\/li>\n<\/ul>\n\n\n\n<p>Cookies de redes sociales:&nbsp;<\/p>\n\n\n\n<ul class=\"wp-block-list\">\n<li><a href=\"http:\/\/www.apple.com\/es\">Gravatar<\/a>: El Gravatar es una imagen del usuario que le sigue de sitio web a sitio web, apareciendo junto a su nombre cuando realiza acciones como comentar en un blog o cuando el usuario inicia sesi\u00f3n como usuario registrado (log in) en el Sitio Web. Se almacenan cookies para gestionar los iconos relacionados con los perfiles y usuarios de ese servicio: <a href=\"https:\/\/automattic.com\/privacy\/\">https:\/\/automattic.com\/privacy\/<\/a>&nbsp;<\/li>\n<\/ul>\n\n\n\n<p>Cookies de redes sociales externas: se utilizan para que los visitantes puedan interactuar con el contenido de diferentes plataformas sociales (Facebook, YouTube, Twitter, LinkedIn, Instagram, etc.) y que se generan \u00fanicamente para los usuarios de dichas redes sociales. Las condiciones de utilizaci\u00f3n de estas cookies y la informaci\u00f3n recopilada se regulan por la pol\u00edtica de privacidad de la plataforma social correspondiente.&nbsp;<\/p>\n\n\n\n<ul class=\"wp-block-list\">\n<li><a href=\"https:\/\/www.google.com\/intl\/es_es\/policies\/technologies\/types\/\">https:\/\/www.google.com\/intl\/es_es\/policies\/technologies\/types\/<\/a>&nbsp;<\/li>\n\n\n\n<li><a href=\"https:\/\/www.facebook.com\/help\/cookies\/\">https:\/\/www.facebook.com\/help\/cookies\/<\/a> &nbsp;&nbsp;<\/li>\n\n\n\n<li><a href=\"https:\/\/www.instagram.com\/legal\/cookies\/\">https:\/\/www.instagram.com\/legal\/cookies\/<\/a>&nbsp;<\/li>\n<\/ul>\n\n\n\n<p>En caso de desactivar las cookies, es posible que no puedas hacer uso de todas las funcionalidades de la web.&nbsp;<\/p>\n\n\n\n<p>Los navegadores web son las herramientas encargadas de almacenar las cookies y desde este lugar el usuario puede ejercitar su derecho a eliminaci\u00f3n o desactivaci\u00f3n de las mismas. Ni esta web ni sus representantes legales pueden garantizar la correcta o incorrecta manipulaci\u00f3n de las cookies por parte de los mencionados navegadores.&nbsp;<\/p>\n\n\n\n<p>Si no deseas que los sitios web pongan ninguna cookie en su equipo, puedes adaptar la configuraci\u00f3n del navegador de modo que se notifique antes de que se coloque ninguna cookie.&nbsp;<\/p>\n\n\n\n<p>De igual modo, puedes adaptar la configuraci\u00f3n de forma que el navegador rechace todas las cookies, o \u00fanicamente las cookies de terceros. En caso de que &nbsp;encuentres este tipo de cookies en este sitio web y no est\u00e9n enumeradas en la lista anterior, ruego que nos lo comuniques.&nbsp;<\/p>\n\n\n\n<p>La aceptaci\u00f3n de la presente pol\u00edtica de cookies implica que como usuario ha sido informado de una forma clara y completa sobre el uso de dispositivos de almacenamiento y recuperaci\u00f3n de datos (cookies) as\u00ed como que <a href=\"http:\/\/www.sandrarosalen.com\/\">www.sandrarosalen.com<\/a> dispone de tu consentimiento para el uso de las mismas tal y como establece la normativa. En el caso de que tengas alguna duda sobre la pol\u00edtica de cookies del sitio web, puedes dirigirte a: mi mail\u00a0<\/p>\n\n\n\n<p>En el supuesto de querer conocer con m\u00e1s detalles en qu\u00e9 consisten las cookies, en este link se puede acceder a la gu\u00eda de cookies editada por la autoridad de control <a href=\"http:\/\/www.aepd.es\/\">www.aepd.es<\/a>.&nbsp;<\/p>\n","protected":false},"excerpt":{"rendered":"<p>POL\u00cdTICA DE COOKIES&nbsp; De conformidad con lo establecido en la Ley 34\/2002 de Servicios de la Sociedad de la Informaci\u00f3n, te informo que el sitio web www.sandrarosalen.com, utiliza cookies. Las cookies son peque\u00f1os archivos de texto del sitio web que t\u00fa, como usuario que lo visita, almacenas en tu ordenador o dispositivo.\u00a0 En caso de&#8230;<\/p>\n","protected":false},"author":1,"featured_media":0,"parent":0,"menu_order":0,"comment_status":"closed","ping_status":"closed","template":"","meta":{"_kadence_starter_templates_imported_post":false,"_kad_post_transparent":"","_kad_post_title":"","_kad_post_layout":"normal","_kad_post_sidebar_id":"","_kad_post_content_style":"","_kad_post_vertical_padding":"","_kad_post_feature":"","_kad_post_feature_position":"","_kad_post_header":false,"_kad_post_footer":false,"_kad_post_classname":"","_joinchat":[],"footnotes":""},"class_list":["post-109","page","type-page","status-publish","hentry"],"_links":{"self":[{"href":"https:\/\/sandrarosalen.com\/index.php\/wp-json\/wp\/v2\/pages\/109","targetHints":{"allow":["GET"]}}],"collection":[{"href":"https:\/\/sandrarosalen.com\/index.php\/wp-json\/wp\/v2\/pages"}],"about":[{"href":"https:\/\/sandrarosalen.com\/index.php\/wp-json\/wp\/v2\/types\/page"}],"author":[{"embeddable":true,"href":"https:\/\/sandrarosalen.com\/index.php\/wp-json\/wp\/v2\/users\/1"}],"replies":[{"embeddable":true,"href":"https:\/\/sandrarosalen.com\/index.php\/wp-json\/wp\/v2\/comments?post=109"}],"version-history":[{"count":0,"href":"https:\/\/sandrarosalen.com\/index.php\/wp-json\/wp\/v2\/pages\/109\/revisions"}],"wp:attachment":[{"href":"https:\/\/sandrarosalen.com\/index.php\/wp-json\/wp\/v2\/media?parent=109"}],"curies":[{"name":"wp","href":"https:\/\/api.w.org\/{rel}","templated":true}]}}