{"id":107,"date":"2022-12-19T14:05:09","date_gmt":"2022-12-19T13:05:09","guid":{"rendered":"https:\/\/sandrarosalen.com\/?page_id=107"},"modified":"2023-01-25T12:53:02","modified_gmt":"2023-01-25T11:53:02","slug":"politica-de-privacidad","status":"publish","type":"page","link":"https:\/\/sandrarosalen.com\/index.php\/politica-de-privacidad\/","title":{"rendered":"Pol\u00edtica de privacidad"},"content":{"rendered":"\n<p>POL\u00cdTICA DE PRIVACIDAD<\/p>\n\n\n\n<p>&nbsp;<br>&nbsp;1. INFORMACI\u00d3N AL USUARIO&nbsp;&nbsp;<\/p>\n\n\n\n<p>Sandra Rosal\u00e9n Astr\u00f3loga, como Responsable del Tratamiento, te informa que, seg\u00fan lo dispuesto en el Reglamento (UE) 2016\/679, de 27 de abril, (RGPD) y en la L.O. 3\/2018, de 5 de diciembre, de protecci\u00f3n de datos y garant\u00eda de los derechos digitales (LOPDGDD), trataremos tus datos tal y como reflejamos en la presente Pol\u00edtica de Privacidad.&nbsp;<\/p>\n\n\n\n<p>En esta Pol\u00edtica de Privacidad describimos c\u00f3mo recogemos tus datos personales y por qu\u00e9 los recogemos, qu\u00e9 hacemos con ellos, con qui\u00e9n los compartimos, c\u00f3mo los protegemos y sus opciones en cuanto al tratamiento de tus datos personales.&nbsp;<\/p>\n\n\n\n<p>Esta Pol\u00edtica se aplica al tratamiento de tus datos personales recogidos por la empresa para la prestaci\u00f3n de sus servicios. Si aceptas las medidas de esta Pol\u00edtica, aceptas que tratemos tus datos personales como se define en esta Pol\u00edtica.&nbsp;<\/p>\n\n\n\n<ol class=\"wp-block-list\">\n<li>CONTACTO&nbsp;<\/li>\n<\/ol>\n\n\n\n<p>Denominaci\u00f3n social: Sandra Rosal\u00e9n<\/p>\n\n\n\n<p>Nombre comercial: SandraRosalen\u00a0<br>NIF: 38113821S\u00a0<br>Domicilio: Pinar del R\u00edo, 16, 1-1, 08027 Barcelona\u00a0<br>e-mail: hola@sandrarosalen.com\u00a0<br>\u00a0\u00a0<br>3. PRINCIPIOS CLAVE\u00a0<\/p>\n\n\n\n<p>Nuestros principios son:&nbsp;<\/p>\n\n\n\n<ul class=\"wp-block-list\">\n<li>Legalidad: Solo recopilaremos tus Datos personales para fines espec\u00edficos, expl\u00edcitos y leg\u00edtimos.&nbsp;<\/li>\n\n\n\n<li>Minimizaci\u00f3n de datos: Limitamos la recogida de datos de car\u00e1cter personal a lo que es estrictamente relevante y necesario para los fines para los que se han recopilado.&nbsp;<\/li>\n\n\n\n<li>Limitaci\u00f3n de la Finalidad: Solo recogeremos tus datos personales para los fines declarados y solo seg\u00fan tus deseos.&nbsp;<\/li>\n\n\n\n<li>Precisi\u00f3n: Mantendremos tus datos personales exactos y actualizados.&nbsp;<\/li>\n\n\n\n<li>Seguridad de los Datos: Aplicamos las medidas t\u00e9cnicas y organizativas adecuadas y proporcionales a los riesgos para garantizar que tus datos no sufran da\u00f1os, tales como divulgaci\u00f3n o acceso no autorizado, la destrucci\u00f3n accidental o il\u00edcita o su p\u00e9rdida accidental o alteraci\u00f3n y cualquier otra forma de tratamiento il\u00edcito.&nbsp;<\/li>\n\n\n\n<li>Acceso y Rectificaci\u00f3n: Disponemos de medios para que accedas o rectifiques tus datos cuando lo consideres oportuno.&nbsp;<\/li>\n\n\n\n<li>Conservaci\u00f3n: Conservamos tus datos personales de manera legal y apropiada y solo mientras es necesario para los fines para los que se han recopilado.&nbsp;<\/li>\n\n\n\n<li>Terceros: El acceso y transferencia de datos personales a terceros se llevan a cabo de acuerdo con las leyes y reglamentos aplicables y con las garant\u00edas contractuales adecuadas.&nbsp;<\/li>\n\n\n\n<li>Marketing Directo y cookies: Cumplimos con la legislaci\u00f3n aplicable en materia de publicidad y cookies.&nbsp;<\/li>\n<\/ul>\n\n\n\n<ol class=\"wp-block-list\" start=\"3\">\n<li>RECOGIDA Y TRATAMIENTO DE TUS DATOS PERSONALES&nbsp;<\/li>\n<\/ol>\n\n\n\n<p><br>Las tipos de datos que se pueden solicitar y tratar son:&nbsp;<\/p>\n\n\n\n<ul class=\"wp-block-list\">\n<li>Datos de car\u00e1cter identificativo.&nbsp;<\/li>\n\n\n\n<li>Tambi\u00e9n recogemos de forma autom\u00e1tica datos sobre tu visita a nuestro sitio web&nbsp; seg\u00fan se describe en la pol\u00edtica de cookies.&nbsp;<\/li>\n<\/ul>\n\n\n\n<p>Siempre que solicitemos tus Datos personales, te informaremos con claridad de qu\u00e9 datos personales recogemos y con qu\u00e9 fin. En general, recogemos y tratamos tus datos personales con el prop\u00f3sito de:&nbsp;<\/p>\n\n\n\n<ul class=\"wp-block-list\">\n<li>Proporcionar informaci\u00f3n, servicios, productos, informaci\u00f3n relevante y novedades en el sector.&nbsp;<\/li>\n\n\n\n<li>Env\u00edo de comunicaciones.&nbsp;<\/li>\n<\/ul>\n\n\n\n<p>5. LEGITIMIDAD&nbsp;<\/p>\n\n\n\n<p>De acuerdo con la normativa de protecci\u00f3n de datos aplicable, tus datos personales podr\u00e1n tratarse siempre que:&nbsp;<\/p>\n\n\n\n<ul class=\"wp-block-list\">\n<li>Nos hayas dado tu consentimiento a los efectos del tratamiento. Por supuesto podr\u00e1s retirar tu consentimiento en cualquier momento.&nbsp;<\/li>\n\n\n\n<li>Por requerimiento legal.&nbsp;<\/li>\n\n\n\n<li>Por existir un inter\u00e9s leg\u00edtimo que no se vea menoscabado por tus derechos de privacidad, como por ejemplo el env\u00edo de informaci\u00f3n comercial bien por suscripci\u00f3n a nuestra newsletter o por tu condici\u00f3n de cliente.&nbsp;<\/li>\n\n\n\n<li>Por ser necesaria para la prestaci\u00f3n de alguno de nuestros servicios mediante relaci\u00f3n contractual entre tu y nosotros.&nbsp;<\/li>\n<\/ul>\n\n\n\n<p>6. COMUNICACI\u00d3N DE DATOS PERSONALES&nbsp;<\/p>\n\n\n\n<p>Los datos pueden ser comunicados a empresas relacionadas con&nbsp;Sandra Rosal\u00e9n &nbsp;para la prestaci\u00f3n de los diversos servicios en calidad de Encargados del Tratamiento. La empresa no realizar\u00e1 ninguna cesi\u00f3n, salvo por obligaci\u00f3n legal.&nbsp;<\/p>\n\n\n\n<p>7. TUS DERECHOS&nbsp;<\/p>\n\n\n\n<p>En relaci\u00f3n con la recogida y tratamiento de tus datos personales, puedes ponerte en contacto con nosotros en cualquier momento para:&nbsp;<\/p>\n\n\n\n<ul class=\"wp-block-list\">\n<li>Acceder a tus datos personales y a cualquier otra informaci\u00f3n indicada en el Art\u00edculo 15.1 del RGPD.&nbsp;<\/li>\n\n\n\n<li>Rectificar tus datos personales que sean inexactos o est\u00e9n incompletos de acuerdo con el Art\u00edculo 16 del RGPD.&nbsp;<\/li>\n\n\n\n<li>Suprimir tus datos personales de acuerdo con el Art\u00edculo 17 del RGPD.&nbsp;<\/li>\n\n\n\n<li>Limitar el tratamiento de tus datos personales de acuerdo con el Art\u00edculo 18 del RGPD.&nbsp;<\/li>\n\n\n\n<li>Solicitar la portabilidad de tus datos de acuerdo con el Art\u00edculo 20 del RGPD oponerse al tratamiento de tus datos personales de acuerdo con el art\u00edculo 21 del RGPD.&nbsp;<\/li>\n<\/ul>\n\n\n\n<p>Si has otorgado tu consentimiento para alguna finalidad concreta, tienes derecho a retirar el consentimiento otorgado en cualquier momento, sin que ello afecte a la licitud del tratamiento basado en el consentimiento previo a su retirada.&nbsp;<\/p>\n\n\n\n<p>Puedes ejercer estos derechos enviando comunicaci\u00f3n, motivada y acreditada, a hola@sandrarosalen.com\u00a0<\/p>\n\n\n\n<p>8. INFORMACI\u00d3N LEGAL&nbsp;<\/p>\n\n\n\n<p>&nbsp;<br>Los requisitos de esta Pol\u00edtica complementan, y no reemplazan, cualquier otro requisito existente bajo la ley de protecci\u00f3n de datos aplicable, que ser\u00e1 la que prevalezca en cualquier caso.&nbsp;<\/p>\n\n\n\n<p>Esta Pol\u00edtica est\u00e1 sujeta a revisiones peri\u00f3dicas y la empresa puede modificarla en cualquier momento. Cuando esto ocurra, te avisaremos de cualquier cambio y te pediremos que vuelvas a leer la versi\u00f3n m\u00e1s reciente de nuestra Pol\u00edtica y que confirmes su aceptaci\u00f3n.<\/p>\n","protected":false},"excerpt":{"rendered":"<p>POL\u00cdTICA DE PRIVACIDAD &nbsp;&nbsp;1. INFORMACI\u00d3N AL USUARIO&nbsp;&nbsp; Sandra Rosal\u00e9n Astr\u00f3loga, como Responsable del Tratamiento, te informa que, seg\u00fan lo dispuesto en el Reglamento (UE) 2016\/679, de 27 de abril, (RGPD) y en la L.O. 3\/2018, de 5 de diciembre, de protecci\u00f3n de datos y garant\u00eda de los derechos digitales (LOPDGDD), trataremos tus datos tal y&#8230;<\/p>\n","protected":false},"author":1,"featured_media":0,"parent":0,"menu_order":0,"comment_status":"closed","ping_status":"closed","template":"","meta":{"_kadence_starter_templates_imported_post":false,"_kad_post_transparent":"","_kad_post_title":"","_kad_post_layout":"normal","_kad_post_sidebar_id":"","_kad_post_content_style":"","_kad_post_vertical_padding":"","_kad_post_feature":"","_kad_post_feature_position":"","_kad_post_header":false,"_kad_post_footer":false,"_kad_post_classname":"","_joinchat":[],"footnotes":""},"class_list":["post-107","page","type-page","status-publish","hentry"],"_links":{"self":[{"href":"https:\/\/sandrarosalen.com\/index.php\/wp-json\/wp\/v2\/pages\/107","targetHints":{"allow":["GET"]}}],"collection":[{"href":"https:\/\/sandrarosalen.com\/index.php\/wp-json\/wp\/v2\/pages"}],"about":[{"href":"https:\/\/sandrarosalen.com\/index.php\/wp-json\/wp\/v2\/types\/page"}],"author":[{"embeddable":true,"href":"https:\/\/sandrarosalen.com\/index.php\/wp-json\/wp\/v2\/users\/1"}],"replies":[{"embeddable":true,"href":"https:\/\/sandrarosalen.com\/index.php\/wp-json\/wp\/v2\/comments?post=107"}],"version-history":[{"count":0,"href":"https:\/\/sandrarosalen.com\/index.php\/wp-json\/wp\/v2\/pages\/107\/revisions"}],"wp:attachment":[{"href":"https:\/\/sandrarosalen.com\/index.php\/wp-json\/wp\/v2\/media?parent=107"}],"curies":[{"name":"wp","href":"https:\/\/api.w.org\/{rel}","templated":true}]}}